{"id":20672,"date":"2017-10-29T14:31:56","date_gmt":"2017-10-29T13:31:56","guid":{"rendered":"http:\/\/twojekspertodmarketingu.pl\/?post_type=product&#038;p=20672"},"modified":"2017-12-28T18:41:03","modified_gmt":"2017-12-28T17:41:03","slug":"profesjonalne-prowadzenie-konta-fanpage-kampania-reklamowa","status":"publish","type":"product","link":"https:\/\/twojekspertodmarketingu.pl\/index.php\/produkt\/profesjonalne-prowadzenie-konta-fanpage-kampania-reklamowa\/","title":{"rendered":"Profesjonalne prowadzenie konta fanpage + kampania reklamowa"},"content":{"rendered":"","protected":false},"excerpt":{"rendered":"<h3><\/h3>\n<p>&nbsp;<\/p>\n<p><strong>Powierz swoj\u0105 przysz\u0142o\u015b\u0107 w r\u0119ce profesjonalist\u00f3w<\/strong><\/p>\n<p>Stabilne i konsekwentne dzia\u0142ania marketingowe oparte o social media, to powinno\u015b\u0107 ka\u017cdej firmy, bez wzgl\u0119du na bran\u017c\u0119, w kt\u00f3rej funkcjonuje. Aby czerpa\u0107 z niej mo\u017cliwie najwi\u0119cej korzy\u015bci, warto zastosowa\u0107 przemy\u015blan\u0105 strategi\u0119 d\u0142ugofalow\u0105, tworz\u0105c tym samym pozytywny obraz firmy i jej produkt\u00f3w. Prawid\u0142owe dzia\u0142anie w social media wywiera wi\u0119c wp\u0142yw na decyzje zakupowe konsument\u00f3w.<\/p>\n<p>&nbsp;<\/p>\n<div class=\"gap\"><\/div>\n<div class=\"gap\"><strong>Je\u017celi pragniesz umocni\u0107 pozycj\u0119 swojej firmy na rynku, skorzystaj z us\u0142ug profesjonalist\u00f3w, poniewa\u017c gwarantujemy:<\/strong><\/div>\n<ul class=\"standard-arrow list-divider\">\n<li>polepszenie relacji z obecnymi klientami oraz pozyskanie nowych odbiorc\u00f3w<\/li>\n<li>wykreowanie pozytywnego wizerunku i rozpoznawalno\u015bci marki<\/li>\n<li>zbudowanie w\u0142asnej spo\u0142eczno\u015bci sta\u0142ych konsument\u00f3w<\/li>\n<li>zrealizowanie indywidualnych cel\u00f3w Twojej firmy<\/li>\n<\/ul>\n<p>&nbsp;<\/p>\n<p>Za\u0142o\u017cenie i konfiguracja strony fanpage, to dopiero pocz\u0105tek. Aby strona fanpage spe\u0142nia\u0142a swoj\u0105 rol\u0119 jako narz\u0119dzie marketingowe, wywieraj\u0105c wp\u0142yw na wizerunek firmy oraz jej wyniki finansowe, niezb\u0119dne jest w\u0142a\u015bciwe prowadzenie konta. Strategia d\u0142ugoterminowa, atrakcyjno\u015b\u0107 strony, regularno\u015b\u0107 publikacji wirusowych anga\u017cuj\u0105cych fan\u00f3w, a tak\u017ce odpowiednia komunikacja z zastosowaniem technik perswazyjnych, to zaledwie pocz\u0105tek drogi do sukcesu. W\u0142a\u015bnie dlatego z naszych obserwacji wynika, \u017ce nie warto anga\u017cowa\u0107 si\u0119 w zawi\u0142y proces marketingowy we w\u0142asnym zakresie, w momencie, gdy inwestycja w us\u0142ug\u0119 wykonywan\u0105 w profesjonalny spos\u00f3b jest niewielka.<\/p>\n<p>&nbsp;<\/p>\n<h3><\/h3>\n<p><strong>Powierz swoje konto profesjonalistom, maj\u0105c pewno\u015b\u0107, \u017ce Twoja strona zostanie poprowadzona we w\u0142a\u015bciwy spos\u00f3b. Zyskaj gwarancj\u0119 wysokiej skuteczno\u015bci<\/strong><\/p>\n<p>&nbsp;<\/p>\n<h3><\/h3>\n<p><strong>Co nas wyr\u00f3\u017cnia:<\/strong><\/p>\n<ul class=\"standard-arrow list-divider\">\n<li>realizujemy zaplanowane cele, poniewa\u017c prowadzimy dzia\u0142ania marketingowe oparte o strategi\u0119 d\u0142ugoterminow\u0105<\/li>\n<li>jeste\u015bmy elastyczni, poniewa\u017c pracujemy niemal\u017ce 24 godziny na dob\u0119 przez 7 dni w tygodniu<\/li>\n<li>konsultujemy si\u0119 z osob\u0105 wyznaczon\u0105 do kontaktu, dzi\u0119ki czemu dzia\u0142ania marketingowe zawsze kontrolowane s\u0105 na bie\u017c\u0105co i zmierzaj\u0105 we w\u0142a\u015bciwym kierunku<\/li>\n<li>posiadamy wieloletnie do\u015bwiadczenie na rynku, dlatego wiemy co jest skuteczne, a co nie<\/li>\n<li>stosujemy techniki perswazyjne i metody NLP, dlatego publikowane komunikaty charakteryzuj\u0105 si\u0119 wysok\u0105 skuteczno\u015bci\u0105<\/li>\n<li>monitorujemy konto fanpage, dzi\u0119ki czemu b\u0142yskawicznie reagujemy na komentarze oraz wiadomo\u015bci przesy\u0142ane przez fan\u00f3w<\/li>\n<li>dbamy o merytoryk\u0119 i atrakcyjno\u015b\u0107 strony, dzi\u0119ki czemu w skuteczny spos\u00f3b budujemy pozytywny wizerunek i rozpoznawalno\u015b\u0107 marki firmy<\/li>\n<li>stosujemy elementy anga\u017cuj\u0105ce, dzi\u0119ki czemu zwi\u0119kszamy konwersj\u0119 fan\u00f3w, buduj\u0105c zaufanie do marki<\/li>\n<li>gwarantujemy profesjonalizm w ka\u017cdym szczeg\u00f3le, r\u00f3wnie\u017c poprawno\u015b\u0107 gramatyczn\u0105 i tematyczn\u0105 tre\u015bci<\/li>\n<li>stosujemy autorskie techniki marketingowe, dzi\u0119ki czemu jeste\u015bmy indywidualni na rynku, tworz\u0105c fanpage w oryginalny i ciekawy spos\u00f3b<\/li>\n<\/ul>\n<section class=\"shortcode-action-box box-style-table shortcode-action-bg plain-bg\">\n<div class=\"shortcode-action-container\">\n<h3><\/h3>\n<p>&nbsp;<\/p>\n<p><strong>Zam\u00f3w us\u0142ug\u0119 i czekaj na telefon od naszego konsultanta, z kt\u00f3rym ustalisz zakres prowadzenia konta oraz indywidualny bud\u017cet dopasowany do celu.<\/strong><\/p>\n<\/div>\n<\/section>\n","protected":false},"featured_media":20673,"comment_status":"closed","ping_status":"closed","template":"","meta":[],"product_cat":[360],"product_tag":[463,466,465,464,467,468,411,462],"_links":{"self":[{"href":"https:\/\/twojekspertodmarketingu.pl\/index.php\/wp-json\/wp\/v2\/product\/20672"}],"collection":[{"href":"https:\/\/twojekspertodmarketingu.pl\/index.php\/wp-json\/wp\/v2\/product"}],"about":[{"href":"https:\/\/twojekspertodmarketingu.pl\/index.php\/wp-json\/wp\/v2\/types\/product"}],"replies":[{"embeddable":true,"href":"https:\/\/twojekspertodmarketingu.pl\/index.php\/wp-json\/wp\/v2\/comments?post=20672"}],"wp:featuredmedia":[{"embeddable":true,"href":"https:\/\/twojekspertodmarketingu.pl\/index.php\/wp-json\/wp\/v2\/media\/20673"}],"wp:attachment":[{"href":"https:\/\/twojekspertodmarketingu.pl\/index.php\/wp-json\/wp\/v2\/media?parent=20672"}],"wp:term":[{"taxonomy":"product_cat","embeddable":true,"href":"https:\/\/twojekspertodmarketingu.pl\/index.php\/wp-json\/wp\/v2\/product_cat?post=20672"},{"taxonomy":"product_tag","embeddable":true,"href":"https:\/\/twojekspertodmarketingu.pl\/index.php\/wp-json\/wp\/v2\/product_tag?post=20672"}],"curies":[{"name":"wp","href":"https:\/\/api.w.org\/{rel}","templated":true}]}}