{"id":20789,"date":"2017-12-30T12:35:07","date_gmt":"2017-12-30T11:35:07","guid":{"rendered":"http:\/\/twojekspertodmarketingu.pl\/?page_id=20789"},"modified":"2017-12-30T13:02:28","modified_gmt":"2017-12-30T12:02:28","slug":"dla-autorow","status":"publish","type":"page","link":"https:\/\/twojekspertodmarketingu.pl\/index.php\/dla-autorow\/","title":{"rendered":"Szukasz wydawcy?"},"content":{"rendered":"<p>[vc_row row_type=&#8221;row&#8221; use_row_as_full_screen_section=&#8221;no&#8221; type=&#8221;grid&#8221; text_align=&#8221;left&#8221; box_shadow_on_row=&#8221;no&#8221;][vc_column][vc_separator type=&#8221;transparent&#8221; up=&#8221;30&#8243; up_style=&#8221;px&#8221; down_style=&#8221;px&#8221;][vc_column_text]<\/p>\n<h1 style=\"text-align: center;\">Szukasz wydawcy?<\/h1>\n<p>[\/vc_column_text][vc_text_separator title=&#8221;Wydaj swoj\u0105 ksi\u0105\u017ck\u0119 razem z nami&#8221; text_in_box=&#8221;no&#8221; text_position=&#8221;center&#8221; line_border_style=&#8221;solid&#8221; line_dots=&#8221;no&#8221;][\/vc_column][\/vc_row][vc_row row_type=&#8221;row&#8221; use_row_as_full_screen_section=&#8221;no&#8221; type=&#8221;grid&#8221; text_align=&#8221;left&#8221; padding_top=&#8221;84&#8243; padding_bottom=&#8221;0&#8243; box_shadow_on_row=&#8221;no&#8221; oblique_section=&#8221;no&#8221; oblique_section_top_and_bottom=&#8221;both&#8221; oblique_section_position=&#8221;from_left_to_right&#8221; triangle_shape=&#8221;no&#8221; triangle_shape_position=&#8221;both&#8221;]<strong>Z przyjemno\u015bci\u0105 wydamy i wypromujemy Twoj\u0105 ksi\u0105\u017ck\u0119 wstawiaj\u0105c j\u0105 na p\u00f3\u0142ki najwi\u0119kszych i najbardziej popularnych sklep\u00f3w internetowych.<\/strong><\/p>\n<p>&nbsp;<\/p>\n<p>Nasze publikacje sprzedawane s\u0105 mi\u0119dzy innymi za po\u015brednictwem PWN, Onepress, Empik, Helion, Merlin.pl, PWN, iBooks Apple i wielu innych.<\/p>\n<p>&nbsp;<\/p>\n<p><strong>Zapewniamy:<\/strong><br \/>\n&#8211; redakcj\u0119<br \/>\n&#8211; korekt\u0119<br \/>\n&#8211; przygotowanie graficzne oraz marketingowe<br \/>\n&#8211; opraw\u0119 medialn\u0105<br \/>\n&#8211; zapewnienie wymog\u00f3w prawnych i formalnych<br \/>\n&#8211; atrakcyjne warunki umowy<br \/>\n&#8211; brak jakichkolwiek koszt\u00f3w wydania ponoszonych przez autora<\/p>\n<p>&nbsp;<\/p>\n<p><strong>Skontaktuj si\u0119 z nami i wy\u015blij ksi\u0105\u017ck\u0119 lub jej opis do wst\u0119pnej weryfikacji na adres <a href=\"mailto:biuro@twojekspertodmarketingu.pl\">biuro@twojekspertodmarketingu.pl\u00a0<\/a><\/strong><\/p>\n","protected":false},"excerpt":{"rendered":"<p>[vc_row row_type=&#8221;row&#8221; use_row_as_full_screen_section=&#8221;no&#8221; type=&#8221;grid&#8221; text_align=&#8221;left&#8221; box_shadow_on_row=&#8221;no&#8221;][vc_column][vc_separator type=&#8221;transparent&#8221; up=&#8221;30&#8243; up_style=&#8221;px&#8221; down_style=&#8221;px&#8221;][vc_column_text] Szukasz wydawcy? [\/vc_column_text][vc_text_separator title=&#8221;Wydaj swoj\u0105 ksi\u0105\u017ck\u0119 razem z nami&#8221; text_in_box=&#8221;no&#8221; text_position=&#8221;center&#8221; line_border_style=&#8221;solid&#8221; line_dots=&#8221;no&#8221;][\/vc_column][\/vc_row][vc_row row_type=&#8221;row&#8221; use_row_as_full_screen_section=&#8221;no&#8221; type=&#8221;grid&#8221; text_align=&#8221;left&#8221; padding_top=&#8221;84&#8243; padding_bottom=&#8221;0&#8243; box_shadow_on_row=&#8221;no&#8221; oblique_section=&#8221;no&#8221; oblique_section_top_and_bottom=&#8221;both&#8221; oblique_section_position=&#8221;from_left_to_right&#8221; triangle_shape=&#8221;no&#8221; triangle_shape_position=&#8221;both&#8221;]Z przyjemno\u015bci\u0105 wydamy i wypromujemy Twoj\u0105 ksi\u0105\u017ck\u0119 wstawiaj\u0105c j\u0105 na p\u00f3\u0142ki&#8230;<\/p>\n","protected":false},"author":1,"featured_media":0,"parent":0,"menu_order":0,"comment_status":"closed","ping_status":"closed","template":"","meta":[],"_links":{"self":[{"href":"https:\/\/twojekspertodmarketingu.pl\/index.php\/wp-json\/wp\/v2\/pages\/20789"}],"collection":[{"href":"https:\/\/twojekspertodmarketingu.pl\/index.php\/wp-json\/wp\/v2\/pages"}],"about":[{"href":"https:\/\/twojekspertodmarketingu.pl\/index.php\/wp-json\/wp\/v2\/types\/page"}],"author":[{"embeddable":true,"href":"https:\/\/twojekspertodmarketingu.pl\/index.php\/wp-json\/wp\/v2\/users\/1"}],"replies":[{"embeddable":true,"href":"https:\/\/twojekspertodmarketingu.pl\/index.php\/wp-json\/wp\/v2\/comments?post=20789"}],"version-history":[{"count":9,"href":"https:\/\/twojekspertodmarketingu.pl\/index.php\/wp-json\/wp\/v2\/pages\/20789\/revisions"}],"predecessor-version":[{"id":20799,"href":"https:\/\/twojekspertodmarketingu.pl\/index.php\/wp-json\/wp\/v2\/pages\/20789\/revisions\/20799"}],"wp:attachment":[{"href":"https:\/\/twojekspertodmarketingu.pl\/index.php\/wp-json\/wp\/v2\/media?parent=20789"}],"curies":[{"name":"wp","href":"https:\/\/api.w.org\/{rel}","templated":true}]}}